{"id":6509,"date":"2023-04-05T18:09:22","date_gmt":"2023-04-05T18:09:22","guid":{"rendered":"https:\/\/new.landmark-pmc.com\/?page_id=6509"},"modified":"2023-04-05T18:13:42","modified_gmt":"2023-04-05T18:13:42","slug":"hvala-vam-stranica","status":"publish","type":"page","link":"https:\/\/new.landmark-pmc.com\/sr\/hvala-vam-stranica\/","title":{"rendered":"Hvala Vam stranica"},"content":{"rendered":"\t\t<div data-elementor-type=\"wp-page\" data-elementor-id=\"6509\" class=\"elementor elementor-6509 elementor-4959\" data-elementor-post-type=\"page\">\n\t\t\t\t\t\t<section class=\"elementor-section elementor-top-section elementor-element elementor-element-d9db116 elementor-section-full_width elementor-section-height-default elementor-section-height-default\" data-id=\"d9db116\" data-element_type=\"section\" data-settings=\"{&quot;jet_parallax_layout_list&quot;:[]}\">\n\t\t\t\t\t\t<div class=\"elementor-container elementor-column-gap-default\">\n\t\t\t\t\t<div class=\"elementor-column elementor-col-100 elementor-top-column elementor-element elementor-element-c1b24c2\" data-id=\"c1b24c2\" data-element_type=\"column\" data-settings=\"{&quot;background_background&quot;:&quot;classic&quot;}\">\n\t\t\t<div class=\"elementor-widget-wrap elementor-element-populated\">\n\t\t\t\t\t\t<section class=\"elementor-section elementor-inner-section elementor-element elementor-element-bedd4f3 elementor-section-boxed elementor-section-height-default elementor-section-height-default\" data-id=\"bedd4f3\" data-element_type=\"section\" data-settings=\"{&quot;jet_parallax_layout_list&quot;:[]}\">\n\t\t\t\t\t\t<div class=\"elementor-container elementor-column-gap-default\">\n\t\t\t\t\t<div class=\"elementor-column elementor-col-50 elementor-inner-column elementor-element elementor-element-2902130\" data-id=\"2902130\" data-element_type=\"column\">\n\t\t\t<div class=\"elementor-widget-wrap elementor-element-populated\">\n\t\t\t\t\t\t<div class=\"elementor-element elementor-element-f216549 elementor-widget elementor-widget-image\" data-id=\"f216549\" data-element_type=\"widget\" data-widget_type=\"image.default\">\n\t\t\t\t<div class=\"elementor-widget-container\">\n\t\t\t\t\t\t\t\t\t\t\t\t\t<img fetchpriority=\"high\" decoding=\"async\" width=\"640\" height=\"512\" src=\"https:\/\/new.landmark-pmc.com\/wp-content\/uploads\/2023\/04\/Landmark-Residence-Logo-Special-collection-Limited-edition.webp\" class=\"attachment-large size-large wp-image-6436\" alt=\"Landmark Residence - Logo - Special collection - Limited edition\" srcset=\"https:\/\/new.landmark-pmc.com\/wp-content\/uploads\/2023\/04\/Landmark-Residence-Logo-Special-collection-Limited-edition.webp 640w, https:\/\/new.landmark-pmc.com\/wp-content\/uploads\/2023\/04\/Landmark-Residence-Logo-Special-collection-Limited-edition-300x240.webp 300w\" sizes=\"(max-width: 640px) 100vw, 640px\" \/>\t\t\t\t\t\t\t\t\t\t\t\t\t<\/div>\n\t\t\t\t<\/div>\n\t\t\t\t\t<\/div>\n\t\t<\/div>\n\t\t\t\t<div class=\"elementor-column elementor-col-50 elementor-inner-column elementor-element elementor-element-1a790c9\" data-id=\"1a790c9\" data-element_type=\"column\">\n\t\t\t<div class=\"elementor-widget-wrap\">\n\t\t\t\t\t\t\t<\/div>\n\t\t<\/div>\n\t\t\t\t\t<\/div>\n\t\t<\/section>\n\t\t\t\t\t<\/div>\n\t\t<\/div>\n\t\t\t\t\t<\/div>\n\t\t<\/section>\n\t\t\t\t<section class=\"elementor-section elementor-top-section elementor-element elementor-element-440f814 elementor-section-content-middle elementor-section-full_width elementor-section-height-full elementor-section-height-default elementor-section-items-middle\" data-id=\"440f814\" data-element_type=\"section\" id=\"reg\" data-settings=\"{&quot;background_background&quot;:&quot;classic&quot;,&quot;jet_parallax_layout_list&quot;:[]}\">\n\t\t\t\t\t\t<div class=\"elementor-container elementor-column-gap-default\">\n\t\t\t\t\t<div class=\"elementor-column elementor-col-100 elementor-top-column elementor-element elementor-element-218fcec\" data-id=\"218fcec\" data-element_type=\"column\">\n\t\t\t<div class=\"elementor-widget-wrap elementor-element-populated\">\n\t\t\t\t\t\t<div class=\"elementor-element elementor-element-64f0bbd elementor-widget elementor-widget-heading\" data-id=\"64f0bbd\" data-element_type=\"widget\" data-widget_type=\"heading.default\">\n\t\t\t\t<div class=\"elementor-widget-container\">\n\t\t\t<h2 class=\"elementor-heading-title elementor-size-default\">Uspe\u0161no ste izv\u0161ili registraciju!<br>\nProdajni tim \u0107e Vas uskoro kontaktirati.<\/h2>\t\t<\/div>\n\t\t\t\t<\/div>\n\t\t\t\t<div class=\"elementor-element elementor-element-2684076 elementor-align-center elementor-mobile-align-center elementor-widget elementor-widget-button\" data-id=\"2684076\" data-element_type=\"widget\" data-widget_type=\"button.default\">\n\t\t\t\t<div class=\"elementor-widget-container\">\n\t\t\t\t\t<div class=\"elementor-button-wrapper\">\n\t\t\t<a class=\"elementor-button elementor-button-link elementor-size-sm\" href=\"https:\/\/new.landmark-pmc.com\/sr\/\">\n\t\t\t\t\t\t<span class=\"elementor-button-content-wrapper\">\n\t\t\t\t\t\t\t\t\t<span class=\"elementor-button-text\">Vratite se na po\u010detnu<\/span>\n\t\t\t\t\t<\/span>\n\t\t\t\t\t<\/a>\n\t\t<\/div>\n\t\t\t\t<\/div>\n\t\t\t\t<\/div>\n\t\t\t\t\t<\/div>\n\t\t<\/div>\n\t\t\t\t\t<\/div>\n\t\t<\/section>\n\t\t\t\t<section class=\"elementor-section elementor-top-section elementor-element elementor-element-f407247 elementor-section-boxed elementor-section-height-default elementor-section-height-default\" data-id=\"f407247\" data-element_type=\"section\" data-settings=\"{&quot;background_background&quot;:&quot;classic&quot;,&quot;jet_parallax_layout_list&quot;:[]}\">\n\t\t\t\t\t\t<div class=\"elementor-container elementor-column-gap-default\">\n\t\t\t\t\t<div class=\"elementor-column elementor-col-100 elementor-top-column elementor-element elementor-element-ba35845\" data-id=\"ba35845\" data-element_type=\"column\">\n\t\t\t<div class=\"elementor-widget-wrap elementor-element-populated\">\n\t\t\t\t\t\t<div class=\"elementor-element elementor-element-ed768ea elementor-widget elementor-widget-image\" data-id=\"ed768ea\" data-element_type=\"widget\" data-widget_type=\"image.default\">\n\t\t\t\t<div class=\"elementor-widget-container\">\n\t\t\t\t\t\t\t\t\t\t\t\t\t<img fetchpriority=\"high\" decoding=\"async\" width=\"640\" height=\"512\" src=\"https:\/\/new.landmark-pmc.com\/wp-content\/uploads\/2023\/04\/Landmark-Residence-Logo-Special-collection-Limited-edition.webp\" class=\"attachment-large size-large wp-image-6436\" alt=\"Landmark Residence - Logo - Special collection - Limited edition\" srcset=\"https:\/\/new.landmark-pmc.com\/wp-content\/uploads\/2023\/04\/Landmark-Residence-Logo-Special-collection-Limited-edition.webp 640w, https:\/\/new.landmark-pmc.com\/wp-content\/uploads\/2023\/04\/Landmark-Residence-Logo-Special-collection-Limited-edition-300x240.webp 300w\" sizes=\"(max-width: 640px) 100vw, 640px\" \/>\t\t\t\t\t\t\t\t\t\t\t\t\t<\/div>\n\t\t\t\t<\/div>\n\t\t\t\t\t<\/div>\n\t\t<\/div>\n\t\t\t\t\t<\/div>\n\t\t<\/section>\n\t\t\t\t<\/div>\n\t\t","protected":false},"excerpt":{"rendered":"<p>Uspe\u0161no ste izv\u0161ili registraciju! Prodajni tim \u0107e Vas uskoro kontaktirati. Vratite se na po\u010detnu<\/p>\n","protected":false},"author":8,"featured_media":0,"parent":0,"menu_order":0,"comment_status":"closed","ping_status":"closed","template":"elementor_canvas","meta":{"footnotes":""},"class_list":["post-6509","page","type-page","status-publish","hentry"],"_links":{"self":[{"href":"https:\/\/new.landmark-pmc.com\/sr\/wp-json\/wp\/v2\/pages\/6509","targetHints":{"allow":["GET"]}}],"collection":[{"href":"https:\/\/new.landmark-pmc.com\/sr\/wp-json\/wp\/v2\/pages"}],"about":[{"href":"https:\/\/new.landmark-pmc.com\/sr\/wp-json\/wp\/v2\/types\/page"}],"author":[{"embeddable":true,"href":"https:\/\/new.landmark-pmc.com\/sr\/wp-json\/wp\/v2\/users\/8"}],"replies":[{"embeddable":true,"href":"https:\/\/new.landmark-pmc.com\/sr\/wp-json\/wp\/v2\/comments?post=6509"}],"version-history":[{"count":6,"href":"https:\/\/new.landmark-pmc.com\/sr\/wp-json\/wp\/v2\/pages\/6509\/revisions"}],"predecessor-version":[{"id":6516,"href":"https:\/\/new.landmark-pmc.com\/sr\/wp-json\/wp\/v2\/pages\/6509\/revisions\/6516"}],"wp:attachment":[{"href":"https:\/\/new.landmark-pmc.com\/sr\/wp-json\/wp\/v2\/media?parent=6509"}],"curies":[{"name":"wp","href":"https:\/\/api.w.org\/{rel}","templated":true}]}}